{"id":7,"date":"2026-04-09T11:30:20","date_gmt":"2026-04-09T09:30:20","guid":{"rendered":"https:\/\/wp.snailit.se\/?page_id=7"},"modified":"2026-04-09T11:52:58","modified_gmt":"2026-04-09T09:52:58","slug":"valkommen-till-snailit","status":"publish","type":"page","link":"https:\/\/wp.snailit.se\/","title":{"rendered":"V\u00e4lkommen till Snailit!"},"content":{"rendered":"\n<div class=\"wp-block-group alignfull is-style-section-2 is-layout-flow wp-block-group-is-layout-flow is-style-section-2--1\" style=\"min-height:100vh;margin-top:0;margin-bottom:0;padding-top:var(--wp--preset--spacing--50);padding-right:var(--wp--preset--spacing--50);padding-bottom:var(--wp--preset--spacing--50);padding-left:var(--wp--preset--spacing--50)\">\n<div class=\"wp-block-columns alignfull is-layout-flex wp-container-core-columns-is-layout-47c06fe3 wp-block-columns-is-layout-flex\">\n<div class=\"wp-block-column is-style-section-1 is-layout-flow wp-block-column-is-layout-flow is-style-section-1--2\">\n<figure class=\"wp-block-image size-full\" style=\"margin-top:0;margin-right:0;margin-bottom:0;margin-left:0\"><img loading=\"lazy\" decoding=\"async\" width=\"580\" height=\"855\" src=\"http:\/\/wp.snailit.se\/wp-content\/uploads\/2026\/04\/Flyer2.jpg\" alt=\"\" class=\"wp-image-5\" srcset=\"https:\/\/wp.snailit.se\/wp-content\/uploads\/2026\/04\/Flyer2.jpg 580w, https:\/\/wp.snailit.se\/wp-content\/uploads\/2026\/04\/Flyer2-204x300.jpg 204w\" sizes=\"auto, (max-width: 580px) 100vw, 580px\" \/><\/figure>\n<\/div>\n\n\n\n<div class=\"wp-block-column is-layout-flow wp-block-column-is-layout-flow\">\n<div class=\"wp-block-group is-vertical is-content-justification-stretch is-nowrap is-layout-flex wp-container-core-group-is-layout-9a2e2d63 wp-block-group-is-layout-flex\" style=\"min-height:100%\">\n<p class=\"has-text-align-left is-style-default has-x-large-font-size\" style=\"line-height:1.2\">V\u00e4lkommen till Snailit!<\/p>\n\n\n\n<p>Vi syr sadel\u00f6verdrag, stigbygelp\u00e5sar, paddar samt hundt\u00e4cken med design och funktion i fokus.&nbsp;<\/p>\n\n\n\n<p><a href=\"https:\/\/wp.snailit.se\/wp-content\/uploads\/2026\/04\/Information.pdf\">Priser och information v\u00e5ra produkter hittar du h\u00e4r<\/a>.<\/p>\n\n\n\n<p class=\"has-text-align-left is-style-default has-x-large-font-size\" style=\"line-height:1.2\">Kontaktuppgifter och fler bilder finns p\u00e5 v\u00e5r facebooksida: <a href=\"https:\/\/www.facebook.com\/snailit\/\">https:\/\/www.facebook.com\/snailit\/<\/a>.<\/p>\n<\/div>\n<\/div>\n<\/div>\n<\/div>\n","protected":false},"excerpt":{"rendered":"<p>V\u00e4lkommen till Snailit! Vi syr sadel\u00f6verdrag, stigbygelp\u00e5sar, paddar samt hundt\u00e4cken med design och funktion i fokus.&nbsp; Priser och information v\u00e5ra produkter hittar du h\u00e4r. Kontaktuppgifter och fler bilder finns p\u00e5 v\u00e5r facebooksida: https:\/\/www.facebook.com\/snailit\/.<\/p>\n","protected":false},"author":1,"featured_media":0,"parent":0,"menu_order":0,"comment_status":"closed","ping_status":"closed","template":"","meta":{"footnotes":""},"class_list":["post-7","page","type-page","status-publish","hentry"],"_links":{"self":[{"href":"https:\/\/wp.snailit.se\/index.php?rest_route=\/wp\/v2\/pages\/7","targetHints":{"allow":["GET"]}}],"collection":[{"href":"https:\/\/wp.snailit.se\/index.php?rest_route=\/wp\/v2\/pages"}],"about":[{"href":"https:\/\/wp.snailit.se\/index.php?rest_route=\/wp\/v2\/types\/page"}],"author":[{"embeddable":true,"href":"https:\/\/wp.snailit.se\/index.php?rest_route=\/wp\/v2\/users\/1"}],"replies":[{"embeddable":true,"href":"https:\/\/wp.snailit.se\/index.php?rest_route=%2Fwp%2Fv2%2Fcomments&post=7"}],"version-history":[{"count":14,"href":"https:\/\/wp.snailit.se\/index.php?rest_route=\/wp\/v2\/pages\/7\/revisions"}],"predecessor-version":[{"id":25,"href":"https:\/\/wp.snailit.se\/index.php?rest_route=\/wp\/v2\/pages\/7\/revisions\/25"}],"wp:attachment":[{"href":"https:\/\/wp.snailit.se\/index.php?rest_route=%2Fwp%2Fv2%2Fmedia&parent=7"}],"curies":[{"name":"wp","href":"https:\/\/api.w.org\/{rel}","templated":true}]}}